{"id":2212,"date":"2021-04-26T21:42:54","date_gmt":"2021-04-26T21:42:54","guid":{"rendered":"https:\/\/javacoffee.rs\/proizvod\/bialetti-moka-timer\/"},"modified":"2023-08-21T13:57:10","modified_gmt":"2023-08-21T13:57:10","slug":"bialetti-moka-timer","status":"publish","type":"product","link":"https:\/\/coffeebazaar.develop.in.rs\/en\/proizvod\/accessories\/bialetti-moka-timer\/","title":{"rendered":"BIALETTI MOKA TIMER"},"content":{"rendered":"","protected":false},"excerpt":{"rendered":"<p>Bialetti Moka Timer omogu\u0107ava laku pripremu savr\u0161ene \u0161oljice kafe.<\/p>\n<p>Proizvo\u0111a\u010d: Bialetti<\/p>\n<p>Zemlja porekla: Proizvedeno u Kini prema Bialetti standardim kvaliteta<\/p>\n<p>Materijal: Aluminijum, guma, plastika<\/p>\n<p>Snaga: 365 W\/ 230 V<\/p>\n<p>Zapremina 145 ml<\/p>\n","protected":false},"featured_media":2244,"comment_status":"closed","ping_status":"closed","template":"","meta":{"_acf_changed":false},"product_brand":[],"product_cat":[71],"product_tag":[],"class_list":{"0":"post-2212","1":"product","2":"type-product","3":"status-publish","4":"has-post-thumbnail","6":"product_cat-accessories","8":"first","9":"instock","10":"shipping-taxable","11":"purchasable","12":"product-type-variable","13":"add-to-wishlist-after_add_to_cart"},"acf":[],"yoast_head":"<!-- This site is optimized with the Yoast SEO plugin v22.2 - https:\/\/yoast.com\/wordpress\/plugins\/seo\/ -->\n<title>BIALETTI MOKA TIMER - Koza Coffee<\/title>\n<meta name=\"robots\" content=\"noindex, follow, max-snippet:-1, max-image-preview:large, max-video-preview:-1\" \/>\n<meta property=\"og:locale\" content=\"en_US\" \/>\n<meta property=\"og:type\" content=\"article\" \/>\n<meta property=\"og:title\" content=\"BIALETTI MOKA TIMER - Koza Coffee\" \/>\n<meta property=\"og:description\" content=\"Bialetti Moka Timer omogu\u0107ava laku pripremu savr\u0161ene \u0161oljice kafe.  Proizvo\u0111a\u010d: Bialetti  Zemlja porekla: Proizvedeno u Kini prema Bialetti standardim kvaliteta  Materijal: Aluminijum, guma, plastika  Snaga: 365 W\/ 230 V  Zapremina 145 ml\" \/>\n<meta property=\"og:url\" content=\"https:\/\/coffeebazaar.develop.in.rs\/proizvod\/oprema\/bialetti-moka-timer\/\" \/>\n<meta property=\"og:site_name\" content=\"Koza Coffee\" \/>\n<meta property=\"article:modified_time\" content=\"2023-08-21T13:57:10+00:00\" \/>\n<meta property=\"og:image\" content=\"https:\/\/coffeebazaar.develop.in.rs\/wp-content\/uploads\/2021\/04\/Moka-Timer-1.jpg\" \/>\n\t<meta property=\"og:image:width\" content=\"1000\" \/>\n\t<meta property=\"og:image:height\" content=\"1000\" \/>\n\t<meta property=\"og:image:type\" content=\"image\/jpeg\" \/>\n<meta name=\"twitter:card\" content=\"summary_large_image\" \/>\n<script type=\"application\/ld+json\" class=\"yoast-schema-graph\">{\"@context\":\"https:\/\/schema.org\",\"@graph\":[{\"@type\":\"WebPage\",\"@id\":\"https:\/\/coffeebazaar.develop.in.rs\/proizvod\/oprema\/bialetti-moka-timer\/\",\"url\":\"https:\/\/coffeebazaar.develop.in.rs\/proizvod\/oprema\/bialetti-moka-timer\/\",\"name\":\"BIALETTI MOKA TIMER - Koza Coffee\",\"isPartOf\":{\"@id\":\"https:\/\/coffeebazaar.develop.in.rs\/#website\"},\"primaryImageOfPage\":{\"@id\":\"https:\/\/coffeebazaar.develop.in.rs\/proizvod\/oprema\/bialetti-moka-timer\/#primaryimage\"},\"image\":{\"@id\":\"https:\/\/coffeebazaar.develop.in.rs\/proizvod\/oprema\/bialetti-moka-timer\/#primaryimage\"},\"thumbnailUrl\":\"https:\/\/coffeebazaar.develop.in.rs\/wp-content\/uploads\/2021\/04\/Moka-Timer-1.jpg\",\"datePublished\":\"2021-04-26T21:42:54+00:00\",\"dateModified\":\"2023-08-21T13:57:10+00:00\",\"breadcrumb\":{\"@id\":\"https:\/\/coffeebazaar.develop.in.rs\/proizvod\/oprema\/bialetti-moka-timer\/#breadcrumb\"},\"inLanguage\":\"en-US\",\"potentialAction\":[{\"@type\":\"ReadAction\",\"target\":[\"https:\/\/coffeebazaar.develop.in.rs\/proizvod\/oprema\/bialetti-moka-timer\/\"]}]},{\"@type\":\"ImageObject\",\"inLanguage\":\"en-US\",\"@id\":\"https:\/\/coffeebazaar.develop.in.rs\/proizvod\/oprema\/bialetti-moka-timer\/#primaryimage\",\"url\":\"https:\/\/coffeebazaar.develop.in.rs\/wp-content\/uploads\/2021\/04\/Moka-Timer-1.jpg\",\"contentUrl\":\"https:\/\/coffeebazaar.develop.in.rs\/wp-content\/uploads\/2021\/04\/Moka-Timer-1.jpg\",\"width\":1000,\"height\":1000},{\"@type\":\"BreadcrumbList\",\"@id\":\"https:\/\/coffeebazaar.develop.in.rs\/proizvod\/oprema\/bialetti-moka-timer\/#breadcrumb\",\"itemListElement\":[{\"@type\":\"ListItem\",\"position\":1,\"name\":\"Home\",\"item\":\"https:\/\/coffeebazaar.develop.in.rs\/en\/\"},{\"@type\":\"ListItem\",\"position\":2,\"name\":\"Oprema\",\"item\":\"https:\/\/coffeebazaar.develop.in.rs\/kategorija\/oprema\/\"},{\"@type\":\"ListItem\",\"position\":3,\"name\":\"BIALETTI MOKA TIMER\"}]},{\"@type\":\"WebSite\",\"@id\":\"https:\/\/coffeebazaar.develop.in.rs\/#website\",\"url\":\"https:\/\/coffeebazaar.develop.in.rs\/\",\"name\":\"Koza Coffee\",\"description\":\"Veleprodaja kafe, \u010dajeva i opreme\",\"potentialAction\":[{\"@type\":\"SearchAction\",\"target\":{\"@type\":\"EntryPoint\",\"urlTemplate\":\"https:\/\/coffeebazaar.develop.in.rs\/?s={search_term_string}\"},\"query-input\":\"required name=search_term_string\"}],\"inLanguage\":\"en-US\"}]}<\/script>\n<!-- \/ Yoast SEO plugin. -->","yoast_head_json":{"title":"BIALETTI MOKA TIMER - Koza Coffee","robots":{"index":"noindex","follow":"follow","max-snippet":"max-snippet:-1","max-image-preview":"max-image-preview:large","max-video-preview":"max-video-preview:-1"},"og_locale":"en_US","og_type":"article","og_title":"BIALETTI MOKA TIMER - Koza Coffee","og_description":"Bialetti Moka Timer omogu\u0107ava laku pripremu savr\u0161ene \u0161oljice kafe.  Proizvo\u0111a\u010d: Bialetti  Zemlja porekla: Proizvedeno u Kini prema Bialetti standardim kvaliteta  Materijal: Aluminijum, guma, plastika  Snaga: 365 W\/ 230 V  Zapremina 145 ml","og_url":"https:\/\/coffeebazaar.develop.in.rs\/proizvod\/oprema\/bialetti-moka-timer\/","og_site_name":"Koza Coffee","article_modified_time":"2023-08-21T13:57:10+00:00","og_image":[{"width":1000,"height":1000,"url":"https:\/\/coffeebazaar.develop.in.rs\/wp-content\/uploads\/2021\/04\/Moka-Timer-1.jpg","type":"image\/jpeg"}],"twitter_card":"summary_large_image","schema":{"@context":"https:\/\/schema.org","@graph":[{"@type":"WebPage","@id":"https:\/\/coffeebazaar.develop.in.rs\/proizvod\/oprema\/bialetti-moka-timer\/","url":"https:\/\/coffeebazaar.develop.in.rs\/proizvod\/oprema\/bialetti-moka-timer\/","name":"BIALETTI MOKA TIMER - Koza Coffee","isPartOf":{"@id":"https:\/\/coffeebazaar.develop.in.rs\/#website"},"primaryImageOfPage":{"@id":"https:\/\/coffeebazaar.develop.in.rs\/proizvod\/oprema\/bialetti-moka-timer\/#primaryimage"},"image":{"@id":"https:\/\/coffeebazaar.develop.in.rs\/proizvod\/oprema\/bialetti-moka-timer\/#primaryimage"},"thumbnailUrl":"https:\/\/coffeebazaar.develop.in.rs\/wp-content\/uploads\/2021\/04\/Moka-Timer-1.jpg","datePublished":"2021-04-26T21:42:54+00:00","dateModified":"2023-08-21T13:57:10+00:00","breadcrumb":{"@id":"https:\/\/coffeebazaar.develop.in.rs\/proizvod\/oprema\/bialetti-moka-timer\/#breadcrumb"},"inLanguage":"en-US","potentialAction":[{"@type":"ReadAction","target":["https:\/\/coffeebazaar.develop.in.rs\/proizvod\/oprema\/bialetti-moka-timer\/"]}]},{"@type":"ImageObject","inLanguage":"en-US","@id":"https:\/\/coffeebazaar.develop.in.rs\/proizvod\/oprema\/bialetti-moka-timer\/#primaryimage","url":"https:\/\/coffeebazaar.develop.in.rs\/wp-content\/uploads\/2021\/04\/Moka-Timer-1.jpg","contentUrl":"https:\/\/coffeebazaar.develop.in.rs\/wp-content\/uploads\/2021\/04\/Moka-Timer-1.jpg","width":1000,"height":1000},{"@type":"BreadcrumbList","@id":"https:\/\/coffeebazaar.develop.in.rs\/proizvod\/oprema\/bialetti-moka-timer\/#breadcrumb","itemListElement":[{"@type":"ListItem","position":1,"name":"Home","item":"https:\/\/coffeebazaar.develop.in.rs\/en\/"},{"@type":"ListItem","position":2,"name":"Oprema","item":"https:\/\/coffeebazaar.develop.in.rs\/kategorija\/oprema\/"},{"@type":"ListItem","position":3,"name":"BIALETTI MOKA TIMER"}]},{"@type":"WebSite","@id":"https:\/\/coffeebazaar.develop.in.rs\/#website","url":"https:\/\/coffeebazaar.develop.in.rs\/","name":"Koza Coffee","description":"Veleprodaja kafe, \u010dajeva i opreme","potentialAction":[{"@type":"SearchAction","target":{"@type":"EntryPoint","urlTemplate":"https:\/\/coffeebazaar.develop.in.rs\/?s={search_term_string}"},"query-input":"required name=search_term_string"}],"inLanguage":"en-US"}]}},"_links":{"self":[{"href":"https:\/\/coffeebazaar.develop.in.rs\/en\/wp-json\/wp\/v2\/product\/2212","targetHints":{"allow":["GET"]}}],"collection":[{"href":"https:\/\/coffeebazaar.develop.in.rs\/en\/wp-json\/wp\/v2\/product"}],"about":[{"href":"https:\/\/coffeebazaar.develop.in.rs\/en\/wp-json\/wp\/v2\/types\/product"}],"replies":[{"embeddable":true,"href":"https:\/\/coffeebazaar.develop.in.rs\/en\/wp-json\/wp\/v2\/comments?post=2212"}],"wp:featuredmedia":[{"embeddable":true,"href":"https:\/\/coffeebazaar.develop.in.rs\/en\/wp-json\/wp\/v2\/media\/2244"}],"wp:attachment":[{"href":"https:\/\/coffeebazaar.develop.in.rs\/en\/wp-json\/wp\/v2\/media?parent=2212"}],"wp:term":[{"taxonomy":"product_brand","embeddable":true,"href":"https:\/\/coffeebazaar.develop.in.rs\/en\/wp-json\/wp\/v2\/product_brand?post=2212"},{"taxonomy":"product_cat","embeddable":true,"href":"https:\/\/coffeebazaar.develop.in.rs\/en\/wp-json\/wp\/v2\/product_cat?post=2212"},{"taxonomy":"product_tag","embeddable":true,"href":"https:\/\/coffeebazaar.develop.in.rs\/en\/wp-json\/wp\/v2\/product_tag?post=2212"}],"curies":[{"name":"wp","href":"https:\/\/api.w.org\/{rel}","templated":true}]}}