{"id":5795,"date":"2021-01-10T16:23:03","date_gmt":"2021-01-10T16:23:03","guid":{"rendered":"https:\/\/coffeebazaar.develop.in.rs\/porucivanje\/"},"modified":"2024-02-22T20:09:40","modified_gmt":"2024-02-22T20:09:40","slug":"ordering","status":"publish","type":"page","link":"https:\/\/coffeebazaar.develop.in.rs\/en\/ordering\/","title":{"rendered":"Ordering"},"content":{"rendered":"<div style=\"display: none;\"><\/div>\n<p>Nakon \u0161to pristupite na\u0161em sajtu, pre\u0111ite na pretragu artikala.<\/p>\n<p>Klikom na sliku artikla dobi\u0107ete vi\u0161e informacija o odabranom proizvodu. Ukoliko ste se odlu\u010dili za proizvod, potvrdite koli\u010dinu koju \u017eelite i kliknite na \u201eDodaj u korpu\u201c. Kada to uradite, u gornjem desnom delu ekrana \u0107e se pojaviti sli\u010dica korpe koji vam nudi mogu\u0107nost da vidite stvari koje se nalaze u korpi, da korigujete ono \u0161to ste odabrali, kao i mogu\u0107nost da direktno nastavite ka pla\u0107anju.Sajt mo\u017eete nastavite da pretra\u017eujete dalje i ponavljate isti postupak kada \u017eelite da dodate novi proizvod u korpu.<\/p>\n<p>Kada zavr\u0161ite proces izbora proizvoda, kliknite na sli\u010dicu korpe i \u201eNASTAVITE SA PLA\u0106ANJEM\u201c. Otvori\u0107e se novo polje u koje treba da unesete podatke o sebi i Va\u0161oj adresi. Obavezno je popuniti polja obele\u017eena zvezdicom. Nakon unosa podataka, dobi\u0107ete informaciju o dodatnim tro\u0161kovima isporuke koje pla\u0107ate ukoliko je iznos Va\u0161e porud\u017ebine manji od 5000,00 dinara.<\/p>\n<p>U slede\u0107em koraku birate na\u010din pla\u0107anja:<\/p>\n<ol>\n<li>Gotovina<\/li>\n<li>Kartica<\/li>\n<\/ol>\n<p>&nbsp;<\/p>\n<p>Ukoliko izaberete pla\u0107anje karticom pojavi\u0107e Vam se polja u koju morate da unesete slede\u0107e podatke: broj kartice, ime vlasnika kartice, datum isteka kartice i cvv broj kartice (odnosno verifikacioni broj kartice). Cvv broj kartice obi\u010dno stoji na pole\u0111ini kartice i naj\u010de\u0161\u0107e se sastoji od 3 cifre (kod nekih kartica mo\u017ee imati 4 cifre). Taj trocifreni broj je va\u0161 cvv broj kartice. Eventualno se mo\u017ee tra\u017eiti da unesete tip (brand) kartice.<\/p>\n<p>U slede\u0107em koraku pojavi\u0107e Vam se potvrda kupovne koju mo\u017eete od\u0161tampati ili jednostavno zabele\u017eiti podatke o transakciji \u2013 informacije o statusu transakcije (da li je transakcija uspela ili ne), ID broj porud\u017ebine &#8211; ID broj svake porud\u017ebenice je jedinstven, iznos koji ste platili i valutu u kojoj je transakcija obavljena, zadnje 4 cifre kartice sa kojom ste izvr\u0161ili pla\u0107anje i tip ili brand kartice, autorizacioni kod banke \u2013 broj jedinstven za svaku uspe\u0161nu karti\u010dnu transakciju, i datum i vreme kada je transakcija izvr\u0161ena.<\/p>\n<p>Ovim korakom se zavr\u0161ava proces online kupovine. Nakon toga, bi\u0107ete obave\u0161teni o statusu Va\u0161e porud\u017ebine putem email-a. Porud\u017ebina je prihva\u0107ena od strane Koza Coffee d.o.o. tek nakon \u0161to Vam email-om po\u0161aljemo potvrdu o prihvatanju iste.<\/p>\n<p>Ukoliko u toku procesa naru\u010divanja budete imali bilo kakav problem, na raspolaganju Vam je Koza online podr\u0161ka putem elektronske po\u0161te na adresu <a href=\"mailto:office@javacoffee.rs\">office@kozacoffee.rs<\/a> ili putem broja telefona +381692222430<\/p>\n","protected":false},"excerpt":{"rendered":"<p>Nakon \u0161to pristupite na\u0161em sajtu, pre\u0111ite na pretragu artikala. Klikom na sliku artikla dobi\u0107ete vi\u0161e informacija o odabranom proizvodu. Ukoliko ste se odlu\u010dili za proizvod, potvrdite koli\u010dinu koju \u017eelite i kliknite na \u201eDodaj u korpu\u201c. Kada to uradite, u gornjem desnom delu ekrana \u0107e se pojaviti sli\u010dica korpe koji vam nudi mogu\u0107nost da vidite stvari [&hellip;]<\/p>\n","protected":false},"author":1,"featured_media":0,"parent":0,"menu_order":0,"comment_status":"closed","ping_status":"closed","template":"","meta":{"_acf_changed":false,"footnotes":""},"class_list":["post-5795","page","type-page","status-publish","hentry"],"acf":[],"yoast_head":"<!-- This site is optimized with the Yoast SEO plugin v22.2 - https:\/\/yoast.com\/wordpress\/plugins\/seo\/ -->\n<title>Ordering - Koza Coffee<\/title>\n<meta name=\"robots\" content=\"noindex, follow, max-snippet:-1, max-image-preview:large, max-video-preview:-1\" \/>\n<meta property=\"og:locale\" content=\"en_US\" \/>\n<meta property=\"og:type\" content=\"article\" \/>\n<meta property=\"og:title\" content=\"Ordering - Koza Coffee\" \/>\n<meta property=\"og:description\" content=\"Nakon \u0161to pristupite na\u0161em sajtu, pre\u0111ite na pretragu artikala. Klikom na sliku artikla dobi\u0107ete vi\u0161e informacija o odabranom proizvodu. Ukoliko ste se odlu\u010dili za proizvod, potvrdite koli\u010dinu koju \u017eelite i kliknite na \u201eDodaj u korpu\u201c. Kada to uradite, u gornjem desnom delu ekrana \u0107e se pojaviti sli\u010dica korpe koji vam nudi mogu\u0107nost da vidite stvari [&hellip;]\" \/>\n<meta property=\"og:url\" content=\"https:\/\/coffeebazaar.develop.in.rs\/en\/ordering\/\" \/>\n<meta property=\"og:site_name\" content=\"Koza Coffee\" \/>\n<meta property=\"article:modified_time\" content=\"2024-02-22T20:09:40+00:00\" \/>\n<meta name=\"twitter:card\" content=\"summary_large_image\" \/>\n<meta name=\"twitter:label1\" content=\"Est. reading time\" \/>\n\t<meta name=\"twitter:data1\" content=\"2 minutes\" \/>\n<script type=\"application\/ld+json\" class=\"yoast-schema-graph\">{\"@context\":\"https:\/\/schema.org\",\"@graph\":[{\"@type\":\"WebPage\",\"@id\":\"https:\/\/coffeebazaar.develop.in.rs\/en\/ordering\/\",\"url\":\"https:\/\/coffeebazaar.develop.in.rs\/en\/ordering\/\",\"name\":\"Ordering - Koza Coffee\",\"isPartOf\":{\"@id\":\"https:\/\/coffeebazaar.develop.in.rs\/#website\"},\"datePublished\":\"2021-01-10T16:23:03+00:00\",\"dateModified\":\"2024-02-22T20:09:40+00:00\",\"breadcrumb\":{\"@id\":\"https:\/\/coffeebazaar.develop.in.rs\/en\/ordering\/#breadcrumb\"},\"inLanguage\":\"en-US\",\"potentialAction\":[{\"@type\":\"ReadAction\",\"target\":[\"https:\/\/coffeebazaar.develop.in.rs\/en\/ordering\/\"]}]},{\"@type\":\"BreadcrumbList\",\"@id\":\"https:\/\/coffeebazaar.develop.in.rs\/en\/ordering\/#breadcrumb\",\"itemListElement\":[{\"@type\":\"ListItem\",\"position\":1,\"name\":\"Home\",\"item\":\"https:\/\/coffeebazaar.develop.in.rs\/en\/\"},{\"@type\":\"ListItem\",\"position\":2,\"name\":\"Ordering\"}]},{\"@type\":\"WebSite\",\"@id\":\"https:\/\/coffeebazaar.develop.in.rs\/#website\",\"url\":\"https:\/\/coffeebazaar.develop.in.rs\/\",\"name\":\"Koza Coffee\",\"description\":\"Veleprodaja kafe, \u010dajeva i opreme\",\"potentialAction\":[{\"@type\":\"SearchAction\",\"target\":{\"@type\":\"EntryPoint\",\"urlTemplate\":\"https:\/\/coffeebazaar.develop.in.rs\/?s={search_term_string}\"},\"query-input\":\"required name=search_term_string\"}],\"inLanguage\":\"en-US\"}]}<\/script>\n<!-- \/ Yoast SEO plugin. -->","yoast_head_json":{"title":"Ordering - Koza Coffee","robots":{"index":"noindex","follow":"follow","max-snippet":"max-snippet:-1","max-image-preview":"max-image-preview:large","max-video-preview":"max-video-preview:-1"},"og_locale":"en_US","og_type":"article","og_title":"Ordering - Koza Coffee","og_description":"Nakon \u0161to pristupite na\u0161em sajtu, pre\u0111ite na pretragu artikala. Klikom na sliku artikla dobi\u0107ete vi\u0161e informacija o odabranom proizvodu. Ukoliko ste se odlu\u010dili za proizvod, potvrdite koli\u010dinu koju \u017eelite i kliknite na \u201eDodaj u korpu\u201c. Kada to uradite, u gornjem desnom delu ekrana \u0107e se pojaviti sli\u010dica korpe koji vam nudi mogu\u0107nost da vidite stvari [&hellip;]","og_url":"https:\/\/coffeebazaar.develop.in.rs\/en\/ordering\/","og_site_name":"Koza Coffee","article_modified_time":"2024-02-22T20:09:40+00:00","twitter_card":"summary_large_image","twitter_misc":{"Est. reading time":"2 minutes"},"schema":{"@context":"https:\/\/schema.org","@graph":[{"@type":"WebPage","@id":"https:\/\/coffeebazaar.develop.in.rs\/en\/ordering\/","url":"https:\/\/coffeebazaar.develop.in.rs\/en\/ordering\/","name":"Ordering - Koza Coffee","isPartOf":{"@id":"https:\/\/coffeebazaar.develop.in.rs\/#website"},"datePublished":"2021-01-10T16:23:03+00:00","dateModified":"2024-02-22T20:09:40+00:00","breadcrumb":{"@id":"https:\/\/coffeebazaar.develop.in.rs\/en\/ordering\/#breadcrumb"},"inLanguage":"en-US","potentialAction":[{"@type":"ReadAction","target":["https:\/\/coffeebazaar.develop.in.rs\/en\/ordering\/"]}]},{"@type":"BreadcrumbList","@id":"https:\/\/coffeebazaar.develop.in.rs\/en\/ordering\/#breadcrumb","itemListElement":[{"@type":"ListItem","position":1,"name":"Home","item":"https:\/\/coffeebazaar.develop.in.rs\/en\/"},{"@type":"ListItem","position":2,"name":"Ordering"}]},{"@type":"WebSite","@id":"https:\/\/coffeebazaar.develop.in.rs\/#website","url":"https:\/\/coffeebazaar.develop.in.rs\/","name":"Koza Coffee","description":"Veleprodaja kafe, \u010dajeva i opreme","potentialAction":[{"@type":"SearchAction","target":{"@type":"EntryPoint","urlTemplate":"https:\/\/coffeebazaar.develop.in.rs\/?s={search_term_string}"},"query-input":"required name=search_term_string"}],"inLanguage":"en-US"}]}},"_links":{"self":[{"href":"https:\/\/coffeebazaar.develop.in.rs\/en\/wp-json\/wp\/v2\/pages\/5795","targetHints":{"allow":["GET"]}}],"collection":[{"href":"https:\/\/coffeebazaar.develop.in.rs\/en\/wp-json\/wp\/v2\/pages"}],"about":[{"href":"https:\/\/coffeebazaar.develop.in.rs\/en\/wp-json\/wp\/v2\/types\/page"}],"author":[{"embeddable":true,"href":"https:\/\/coffeebazaar.develop.in.rs\/en\/wp-json\/wp\/v2\/users\/1"}],"replies":[{"embeddable":true,"href":"https:\/\/coffeebazaar.develop.in.rs\/en\/wp-json\/wp\/v2\/comments?post=5795"}],"version-history":[{"count":1,"href":"https:\/\/coffeebazaar.develop.in.rs\/en\/wp-json\/wp\/v2\/pages\/5795\/revisions"}],"predecessor-version":[{"id":5796,"href":"https:\/\/coffeebazaar.develop.in.rs\/en\/wp-json\/wp\/v2\/pages\/5795\/revisions\/5796"}],"wp:attachment":[{"href":"https:\/\/coffeebazaar.develop.in.rs\/en\/wp-json\/wp\/v2\/media?parent=5795"}],"curies":[{"name":"wp","href":"https:\/\/api.w.org\/{rel}","templated":true}]}}