{"id":5785,"date":"2021-01-10T16:27:33","date_gmt":"2021-01-10T16:27:33","guid":{"rendered":"https:\/\/coffeebazaar.develop.in.rs\/reklamacije\/"},"modified":"2024-02-22T20:05:37","modified_gmt":"2024-02-22T20:05:37","slug":"complaints","status":"publish","type":"page","link":"https:\/\/coffeebazaar.develop.in.rs\/en\/complaints\/","title":{"rendered":"Complaints"},"content":{"rendered":"<div style=\"display: none;\"><\/div>\n<div style=\"display: none;\"><\/div>\n<p class=\"p1\">REKLAMACIJE I POVRA\u0106AJ ROBE<\/p>\n<p class=\"p1\"><span class=\"s1\">U slu\u010daju da imate bilo kakvu reklamaciju na proizvod ili na\u0161u uslugu, molimo Vas da nas kontaktirate putem elektronske po\u0161te na adresu office@kozacoffee.rs ili na broj telefona +381692222430. <i>U najkra\u0107em mogu\u0107em roku \u0107emo obraditi Va\u0161 zahtev i odreagovati u skladu sa nastalom situacijom.<\/i><\/span><\/p>\n<p class=\"p1\"><span class=\"s1\">Uslovi i postupak reklamacije utvr\u0111eni su u skladu sa Zakonom o trgovini i Zakonom o za\u0161titi potro\u0161a\u010da.<\/span><\/p>\n","protected":false},"excerpt":{"rendered":"<p>REKLAMACIJE I POVRA\u0106AJ ROBE U slu\u010daju da imate bilo kakvu reklamaciju na proizvod ili na\u0161u uslugu, molimo Vas da nas kontaktirate putem elektronske po\u0161te na adresu office@kozacoffee.rs ili na broj telefona +381692222430. U najkra\u0107em mogu\u0107em roku \u0107emo obraditi Va\u0161 zahtev i odreagovati u skladu sa nastalom situacijom. Uslovi i postupak reklamacije utvr\u0111eni su u skladu [&hellip;]<\/p>\n","protected":false},"author":1,"featured_media":0,"parent":0,"menu_order":0,"comment_status":"closed","ping_status":"closed","template":"","meta":{"_acf_changed":false,"footnotes":""},"class_list":["post-5785","page","type-page","status-publish","hentry"],"acf":[],"yoast_head":"<!-- This site is optimized with the Yoast SEO plugin v22.2 - https:\/\/yoast.com\/wordpress\/plugins\/seo\/ -->\n<title>Complaints - Koza Coffee<\/title>\n<meta name=\"robots\" content=\"noindex, follow, max-snippet:-1, max-image-preview:large, max-video-preview:-1\" \/>\n<meta property=\"og:locale\" content=\"en_US\" \/>\n<meta property=\"og:type\" content=\"article\" \/>\n<meta property=\"og:title\" content=\"Complaints - Koza Coffee\" \/>\n<meta property=\"og:description\" content=\"REKLAMACIJE I POVRA\u0106AJ ROBE U slu\u010daju da imate bilo kakvu reklamaciju na proizvod ili na\u0161u uslugu, molimo Vas da nas kontaktirate putem elektronske po\u0161te na adresu office@kozacoffee.rs ili na broj telefona +381692222430. U najkra\u0107em mogu\u0107em roku \u0107emo obraditi Va\u0161 zahtev i odreagovati u skladu sa nastalom situacijom. Uslovi i postupak reklamacije utvr\u0111eni su u skladu [&hellip;]\" \/>\n<meta property=\"og:url\" content=\"https:\/\/coffeebazaar.develop.in.rs\/en\/complaints\/\" \/>\n<meta property=\"og:site_name\" content=\"Koza Coffee\" \/>\n<meta property=\"article:modified_time\" content=\"2024-02-22T20:05:37+00:00\" \/>\n<meta name=\"twitter:card\" content=\"summary_large_image\" \/>\n<meta name=\"twitter:label1\" content=\"Est. reading time\" \/>\n\t<meta name=\"twitter:data1\" content=\"1 minute\" \/>\n<script type=\"application\/ld+json\" class=\"yoast-schema-graph\">{\"@context\":\"https:\/\/schema.org\",\"@graph\":[{\"@type\":\"WebPage\",\"@id\":\"https:\/\/coffeebazaar.develop.in.rs\/en\/complaints\/\",\"url\":\"https:\/\/coffeebazaar.develop.in.rs\/en\/complaints\/\",\"name\":\"Complaints - Koza Coffee\",\"isPartOf\":{\"@id\":\"https:\/\/coffeebazaar.develop.in.rs\/#website\"},\"datePublished\":\"2021-01-10T16:27:33+00:00\",\"dateModified\":\"2024-02-22T20:05:37+00:00\",\"breadcrumb\":{\"@id\":\"https:\/\/coffeebazaar.develop.in.rs\/en\/complaints\/#breadcrumb\"},\"inLanguage\":\"en-US\",\"potentialAction\":[{\"@type\":\"ReadAction\",\"target\":[\"https:\/\/coffeebazaar.develop.in.rs\/en\/complaints\/\"]}]},{\"@type\":\"BreadcrumbList\",\"@id\":\"https:\/\/coffeebazaar.develop.in.rs\/en\/complaints\/#breadcrumb\",\"itemListElement\":[{\"@type\":\"ListItem\",\"position\":1,\"name\":\"Home\",\"item\":\"https:\/\/coffeebazaar.develop.in.rs\/en\/\"},{\"@type\":\"ListItem\",\"position\":2,\"name\":\"Complaints\"}]},{\"@type\":\"WebSite\",\"@id\":\"https:\/\/coffeebazaar.develop.in.rs\/#website\",\"url\":\"https:\/\/coffeebazaar.develop.in.rs\/\",\"name\":\"Koza Coffee\",\"description\":\"Veleprodaja kafe, \u010dajeva i opreme\",\"potentialAction\":[{\"@type\":\"SearchAction\",\"target\":{\"@type\":\"EntryPoint\",\"urlTemplate\":\"https:\/\/coffeebazaar.develop.in.rs\/?s={search_term_string}\"},\"query-input\":\"required name=search_term_string\"}],\"inLanguage\":\"en-US\"}]}<\/script>\n<!-- \/ Yoast SEO plugin. -->","yoast_head_json":{"title":"Complaints - Koza Coffee","robots":{"index":"noindex","follow":"follow","max-snippet":"max-snippet:-1","max-image-preview":"max-image-preview:large","max-video-preview":"max-video-preview:-1"},"og_locale":"en_US","og_type":"article","og_title":"Complaints - Koza Coffee","og_description":"REKLAMACIJE I POVRA\u0106AJ ROBE U slu\u010daju da imate bilo kakvu reklamaciju na proizvod ili na\u0161u uslugu, molimo Vas da nas kontaktirate putem elektronske po\u0161te na adresu office@kozacoffee.rs ili na broj telefona +381692222430. U najkra\u0107em mogu\u0107em roku \u0107emo obraditi Va\u0161 zahtev i odreagovati u skladu sa nastalom situacijom. Uslovi i postupak reklamacije utvr\u0111eni su u skladu [&hellip;]","og_url":"https:\/\/coffeebazaar.develop.in.rs\/en\/complaints\/","og_site_name":"Koza Coffee","article_modified_time":"2024-02-22T20:05:37+00:00","twitter_card":"summary_large_image","twitter_misc":{"Est. reading time":"1 minute"},"schema":{"@context":"https:\/\/schema.org","@graph":[{"@type":"WebPage","@id":"https:\/\/coffeebazaar.develop.in.rs\/en\/complaints\/","url":"https:\/\/coffeebazaar.develop.in.rs\/en\/complaints\/","name":"Complaints - Koza Coffee","isPartOf":{"@id":"https:\/\/coffeebazaar.develop.in.rs\/#website"},"datePublished":"2021-01-10T16:27:33+00:00","dateModified":"2024-02-22T20:05:37+00:00","breadcrumb":{"@id":"https:\/\/coffeebazaar.develop.in.rs\/en\/complaints\/#breadcrumb"},"inLanguage":"en-US","potentialAction":[{"@type":"ReadAction","target":["https:\/\/coffeebazaar.develop.in.rs\/en\/complaints\/"]}]},{"@type":"BreadcrumbList","@id":"https:\/\/coffeebazaar.develop.in.rs\/en\/complaints\/#breadcrumb","itemListElement":[{"@type":"ListItem","position":1,"name":"Home","item":"https:\/\/coffeebazaar.develop.in.rs\/en\/"},{"@type":"ListItem","position":2,"name":"Complaints"}]},{"@type":"WebSite","@id":"https:\/\/coffeebazaar.develop.in.rs\/#website","url":"https:\/\/coffeebazaar.develop.in.rs\/","name":"Koza Coffee","description":"Veleprodaja kafe, \u010dajeva i opreme","potentialAction":[{"@type":"SearchAction","target":{"@type":"EntryPoint","urlTemplate":"https:\/\/coffeebazaar.develop.in.rs\/?s={search_term_string}"},"query-input":"required name=search_term_string"}],"inLanguage":"en-US"}]}},"_links":{"self":[{"href":"https:\/\/coffeebazaar.develop.in.rs\/en\/wp-json\/wp\/v2\/pages\/5785","targetHints":{"allow":["GET"]}}],"collection":[{"href":"https:\/\/coffeebazaar.develop.in.rs\/en\/wp-json\/wp\/v2\/pages"}],"about":[{"href":"https:\/\/coffeebazaar.develop.in.rs\/en\/wp-json\/wp\/v2\/types\/page"}],"author":[{"embeddable":true,"href":"https:\/\/coffeebazaar.develop.in.rs\/en\/wp-json\/wp\/v2\/users\/1"}],"replies":[{"embeddable":true,"href":"https:\/\/coffeebazaar.develop.in.rs\/en\/wp-json\/wp\/v2\/comments?post=5785"}],"version-history":[{"count":1,"href":"https:\/\/coffeebazaar.develop.in.rs\/en\/wp-json\/wp\/v2\/pages\/5785\/revisions"}],"predecessor-version":[{"id":5786,"href":"https:\/\/coffeebazaar.develop.in.rs\/en\/wp-json\/wp\/v2\/pages\/5785\/revisions\/5786"}],"wp:attachment":[{"href":"https:\/\/coffeebazaar.develop.in.rs\/en\/wp-json\/wp\/v2\/media?parent=5785"}],"curies":[{"name":"wp","href":"https:\/\/api.w.org\/{rel}","templated":true}]}}